{"id":21,"date":"2021-06-07T15:18:10","date_gmt":"2021-06-07T15:18:10","guid":{"rendered":"https:\/\/strongerwithphc.org\/?page_id=21"},"modified":"2021-09-22T17:42:10","modified_gmt":"2021-09-22T17:42:10","slug":"coming-soon","status":"publish","type":"page","link":"https:\/\/phcvitalsigns.org\/fr\/coming-soon\/","title":{"rendered":"\u00c0 venir"},"content":{"rendered":"<div data-elementor-type=\"wp-page\" data-elementor-id=\"21\" class=\"elementor elementor-21\">\n\t\t\t\t\t\t<section class=\"elementor-section elementor-top-section elementor-element elementor-element-58e4566 elementor-section-height-full elementor-section-boxed elementor-section-height-default elementor-section-items-middle\" data-id=\"58e4566\" data-element_type=\"section\" data-settings=\"{&quot;background_background&quot;:&quot;gradient&quot;}\">\n\t\t\t\t\t\t<div class=\"elementor-container elementor-column-gap-default\">\n\t\t\t\t\t<div class=\"elementor-column elementor-col-100 elementor-top-column elementor-element elementor-element-1382a56\" data-id=\"1382a56\" data-element_type=\"column\">\n\t\t\t<div class=\"elementor-widget-wrap elementor-element-populated\">\n\t\t\t\t\t\t<div class=\"elementor-element elementor-element-a48b45d elementor-widget elementor-widget-text-editor\" data-id=\"a48b45d\" data-element_type=\"widget\" data-widget_type=\"text-editor.default\">\n\t\t\t\t<div class=\"elementor-widget-container\">\n\t\t\t\t\t\t\t\t\t<p style=\"text-align: center;\"><em><strong>Bient\u00f4t disponible!<\/strong><\/em><\/p>\t\t\t\t\t\t\t\t<\/div>\n\t\t\t\t<\/div>\n\t\t\t\t<div class=\"elementor-element elementor-element-2020bd7 elementor-widget elementor-widget-text-editor\" data-id=\"2020bd7\" data-element_type=\"widget\" data-widget_type=\"text-editor.default\">\n\t\t\t\t<div class=\"elementor-widget-container\">\n\t\t\t\t\t\t\t\t\t<p style=\"text-align: center;\">Si les syst\u00e8mes de sant\u00e9 pouvaient parler\u00a0:<br \/>Mettre en \u00e9vidence les signes vitaux de soins de sant\u00e9 primaires solides<\/p>\t\t\t\t\t\t\t\t<\/div>\n\t\t\t\t<\/div>\n\t\t\t\t\t<\/div>\n\t\t<\/div>\n\t\t\t\t\t<\/div>\n\t\t<\/section>\n\t\t\t\t<\/div>","protected":false},"excerpt":{"rendered":"<p>Bient\u00f4t disponible! Si les syst\u00e8mes de sant\u00e9 pouvaient parler : \u00c9clairer les signes vitaux de solides soins de sant\u00e9 primaires<\/p>","protected":false},"author":3,"featured_media":0,"parent":0,"menu_order":0,"comment_status":"closed","ping_status":"closed","template":"","meta":{"_monsterinsights_skip_tracking":false,"_monsterinsights_sitenote_active":false,"_monsterinsights_sitenote_note":"","_monsterinsights_sitenote_category":0,"site-sidebar-layout":"no-sidebar","site-content-layout":"page-builder","ast-site-content-layout":"","site-content-style":"default","site-sidebar-style":"default","ast-global-header-display":"","ast-banner-title-visibility":"","ast-main-header-display":"","ast-hfb-above-header-display":"","ast-hfb-below-header-display":"","ast-hfb-mobile-header-display":"","site-post-title":"disabled","ast-breadcrumbs-content":"","ast-featured-img":"disabled","footer-sml-layout":"","theme-transparent-header-meta":"default","adv-header-id-meta":"","stick-header-meta":"","header-above-stick-meta":"","header-main-stick-meta":"","header-below-stick-meta":"","astra-migrate-meta-layouts":"default","ast-page-background-enabled":"default","ast-page-background-meta":{"desktop":{"background-color":"","background-image":"","background-repeat":"repeat","background-position":"center center","background-size":"auto","background-attachment":"scroll","background-type":"","background-media":"","overlay-type":"","overlay-color":"","overlay-opacity":"","overlay-gradient":""},"tablet":{"background-color":"","background-image":"","background-repeat":"repeat","background-position":"center center","background-size":"auto","background-attachment":"scroll","background-type":"","background-media":"","overlay-type":"","overlay-color":"","overlay-opacity":"","overlay-gradient":""},"mobile":{"background-color":"","background-image":"","background-repeat":"repeat","background-position":"center center","background-size":"auto","background-attachment":"scroll","background-type":"","background-media":"","overlay-type":"","overlay-color":"","overlay-opacity":"","overlay-gradient":""}},"ast-content-background-meta":{"desktop":{"background-color":"var(--ast-global-color-5)","background-image":"","background-repeat":"repeat","background-position":"center center","background-size":"auto","background-attachment":"scroll","background-type":"","background-media":"","overlay-type":"","overlay-color":"","overlay-opacity":"","overlay-gradient":""},"tablet":{"background-color":"var(--ast-global-color-5)","background-image":"","background-repeat":"repeat","background-position":"center center","background-size":"auto","background-attachment":"scroll","background-type":"","background-media":"","overlay-type":"","overlay-color":"","overlay-opacity":"","overlay-gradient":""},"mobile":{"background-color":"var(--ast-global-color-5)","background-image":"","background-repeat":"repeat","background-position":"center center","background-size":"auto","background-attachment":"scroll","background-type":"","background-media":"","overlay-type":"","overlay-color":"","overlay-opacity":"","overlay-gradient":""}},"footnotes":""},"class_list":["post-21","page","type-page","status-publish","hentry"],"yoast_head":"<!-- This site is optimized with the Yoast SEO plugin v27.6 - https:\/\/yoast.com\/product\/yoast-seo-wordpress\/ -->\n<title>Coming Soon &#8211; If Health Systems Could Talk<\/title>\n<meta name=\"robots\" content=\"index, follow, max-snippet:-1, max-image-preview:large, max-video-preview:-1\" \/>\n<link rel=\"canonical\" href=\"https:\/\/phcvitalsigns.org\/fr\/coming-soon\/\" \/>\n<meta property=\"og:locale\" content=\"fr_FR\" \/>\n<meta property=\"og:type\" content=\"article\" \/>\n<meta property=\"og:title\" content=\"Coming Soon &#8211; If Health Systems Could Talk\" \/>\n<meta property=\"og:description\" content=\"Coming soon! If Health Systems Could Talk:Illuminating the Vital Signs of Strong Primary Health Care\" \/>\n<meta property=\"og:url\" content=\"https:\/\/phcvitalsigns.org\/fr\/coming-soon\/\" \/>\n<meta property=\"og:site_name\" content=\"If Health Systems Could Talk\" \/>\n<meta property=\"article:modified_time\" content=\"2021-09-22T17:42:10+00:00\" \/>\n<meta property=\"og:image\" content=\"https:\/\/phcvitalsigns.org\/wp-content\/uploads\/2021\/10\/PHC-vital-signs_cover-photo.png\" \/>\n\t<meta property=\"og:image:width\" content=\"2048\" \/>\n\t<meta property=\"og:image:height\" content=\"1153\" \/>\n\t<meta property=\"og:image:type\" content=\"image\/png\" \/>\n<meta name=\"twitter:card\" content=\"summary_large_image\" \/>\n<script type=\"application\/ld+json\" class=\"yoast-schema-graph\">{\"@context\":\"https:\\\/\\\/schema.org\",\"@graph\":[{\"@type\":\"WebPage\",\"@id\":\"https:\\\/\\\/phcvitalsigns.org\\\/coming-soon\\\/\",\"url\":\"https:\\\/\\\/phcvitalsigns.org\\\/coming-soon\\\/\",\"name\":\"Coming Soon &#8211; If Health Systems Could Talk\",\"isPartOf\":{\"@id\":\"https:\\\/\\\/phcvitalsigns.org\\\/#website\"},\"datePublished\":\"2021-06-07T15:18:10+00:00\",\"dateModified\":\"2021-09-22T17:42:10+00:00\",\"breadcrumb\":{\"@id\":\"https:\\\/\\\/phcvitalsigns.org\\\/coming-soon\\\/#breadcrumb\"},\"inLanguage\":\"fr-FR\",\"potentialAction\":[{\"@type\":\"ReadAction\",\"target\":[\"https:\\\/\\\/phcvitalsigns.org\\\/coming-soon\\\/\"]}]},{\"@type\":\"BreadcrumbList\",\"@id\":\"https:\\\/\\\/phcvitalsigns.org\\\/coming-soon\\\/#breadcrumb\",\"itemListElement\":[{\"@type\":\"ListItem\",\"position\":1,\"name\":\"Home\",\"item\":\"https:\\\/\\\/phcvitalsigns.org\\\/\"},{\"@type\":\"ListItem\",\"position\":2,\"name\":\"Coming Soon\"}]},{\"@type\":\"WebSite\",\"@id\":\"https:\\\/\\\/phcvitalsigns.org\\\/#website\",\"url\":\"https:\\\/\\\/phcvitalsigns.org\\\/\",\"name\":\"If Health Systems Could Talk\",\"description\":\"Illuminating the Vital Signs of Strong Primary Health Care\",\"publisher\":{\"@id\":\"https:\\\/\\\/phcvitalsigns.org\\\/#organization\"},\"potentialAction\":[{\"@type\":\"SearchAction\",\"target\":{\"@type\":\"EntryPoint\",\"urlTemplate\":\"https:\\\/\\\/phcvitalsigns.org\\\/?s={search_term_string}\"},\"query-input\":{\"@type\":\"PropertyValueSpecification\",\"valueRequired\":true,\"valueName\":\"search_term_string\"}}],\"inLanguage\":\"fr-FR\"},{\"@type\":\"Organization\",\"@id\":\"https:\\\/\\\/phcvitalsigns.org\\\/#organization\",\"name\":\"PHC Vital Signs Report\",\"url\":\"https:\\\/\\\/phcvitalsigns.org\\\/\",\"logo\":{\"@type\":\"ImageObject\",\"inLanguage\":\"fr-FR\",\"@id\":\"https:\\\/\\\/phcvitalsigns.org\\\/#\\\/schema\\\/logo\\\/image\\\/\",\"url\":\"https:\\\/\\\/phcvitalsigns.org\\\/wp-content\\\/uploads\\\/2021\\\/09\\\/PHCPI.png\",\"contentUrl\":\"https:\\\/\\\/phcvitalsigns.org\\\/wp-content\\\/uploads\\\/2021\\\/09\\\/PHCPI.png\",\"width\":857,\"height\":244,\"caption\":\"PHC Vital Signs Report\"},\"image\":{\"@id\":\"https:\\\/\\\/phcvitalsigns.org\\\/#\\\/schema\\\/logo\\\/image\\\/\"}}]}<\/script>\n<!-- \/ Yoast SEO plugin. -->","yoast_head_json":{"title":"Coming Soon &#8211; If Health Systems Could Talk","robots":{"index":"index","follow":"follow","max-snippet":"max-snippet:-1","max-image-preview":"max-image-preview:large","max-video-preview":"max-video-preview:-1"},"canonical":"https:\/\/phcvitalsigns.org\/fr\/coming-soon\/","og_locale":"fr_FR","og_type":"article","og_title":"Coming Soon &#8211; If Health Systems Could Talk","og_description":"Coming soon! If Health Systems Could Talk:Illuminating the Vital Signs of Strong Primary Health Care","og_url":"https:\/\/phcvitalsigns.org\/fr\/coming-soon\/","og_site_name":"If Health Systems Could Talk","article_modified_time":"2021-09-22T17:42:10+00:00","og_image":[{"width":2048,"height":1153,"url":"https:\/\/phcvitalsigns.org\/wp-content\/uploads\/2021\/10\/PHC-vital-signs_cover-photo.png","type":"image\/png"}],"twitter_card":"summary_large_image","schema":{"@context":"https:\/\/schema.org","@graph":[{"@type":"WebPage","@id":"https:\/\/phcvitalsigns.org\/coming-soon\/","url":"https:\/\/phcvitalsigns.org\/coming-soon\/","name":"Coming Soon &#8211; If Health Systems Could Talk","isPartOf":{"@id":"https:\/\/phcvitalsigns.org\/#website"},"datePublished":"2021-06-07T15:18:10+00:00","dateModified":"2021-09-22T17:42:10+00:00","breadcrumb":{"@id":"https:\/\/phcvitalsigns.org\/coming-soon\/#breadcrumb"},"inLanguage":"fr-FR","potentialAction":[{"@type":"ReadAction","target":["https:\/\/phcvitalsigns.org\/coming-soon\/"]}]},{"@type":"BreadcrumbList","@id":"https:\/\/phcvitalsigns.org\/coming-soon\/#breadcrumb","itemListElement":[{"@type":"ListItem","position":1,"name":"Home","item":"https:\/\/phcvitalsigns.org\/"},{"@type":"ListItem","position":2,"name":"Coming Soon"}]},{"@type":"WebSite","@id":"https:\/\/phcvitalsigns.org\/#website","url":"https:\/\/phcvitalsigns.org\/","name":"Si les syst\u00e8mes de sant\u00e9 pouvaient parler","description":"Mettre en \u00e9vidence les signes vitaux de soins de sant\u00e9 primaires solides","publisher":{"@id":"https:\/\/phcvitalsigns.org\/#organization"},"potentialAction":[{"@type":"SearchAction","target":{"@type":"EntryPoint","urlTemplate":"https:\/\/phcvitalsigns.org\/?s={search_term_string}"},"query-input":{"@type":"PropertyValueSpecification","valueRequired":true,"valueName":"search_term_string"}}],"inLanguage":"fr-FR"},{"@type":"Organization","@id":"https:\/\/phcvitalsigns.org\/#organization","name":"PHC Vital Signs Report","url":"https:\/\/phcvitalsigns.org\/","logo":{"@type":"ImageObject","inLanguage":"fr-FR","@id":"https:\/\/phcvitalsigns.org\/#\/schema\/logo\/image\/","url":"https:\/\/phcvitalsigns.org\/wp-content\/uploads\/2021\/09\/PHCPI.png","contentUrl":"https:\/\/phcvitalsigns.org\/wp-content\/uploads\/2021\/09\/PHCPI.png","width":857,"height":244,"caption":"PHC Vital Signs Report"},"image":{"@id":"https:\/\/phcvitalsigns.org\/#\/schema\/logo\/image\/"}}]}},"_links":{"self":[{"href":"https:\/\/phcvitalsigns.org\/fr\/wp-json\/wp\/v2\/pages\/21","targetHints":{"allow":["GET"]}}],"collection":[{"href":"https:\/\/phcvitalsigns.org\/fr\/wp-json\/wp\/v2\/pages"}],"about":[{"href":"https:\/\/phcvitalsigns.org\/fr\/wp-json\/wp\/v2\/types\/page"}],"author":[{"embeddable":true,"href":"https:\/\/phcvitalsigns.org\/fr\/wp-json\/wp\/v2\/users\/3"}],"replies":[{"embeddable":true,"href":"https:\/\/phcvitalsigns.org\/fr\/wp-json\/wp\/v2\/comments?post=21"}],"version-history":[{"count":0,"href":"https:\/\/phcvitalsigns.org\/fr\/wp-json\/wp\/v2\/pages\/21\/revisions"}],"wp:attachment":[{"href":"https:\/\/phcvitalsigns.org\/fr\/wp-json\/wp\/v2\/media?parent=21"}],"curies":[{"name":"wp","href":"https:\/\/api.w.org\/{rel}","templated":true}]}}